{"id":568,"date":"2025-08-27T11:31:01","date_gmt":"2025-08-27T14:31:01","guid":{"rendered":"https:\/\/siteproject.gennios.app\/?page_id=568"},"modified":"2025-10-01T19:58:52","modified_gmt":"2025-10-01T22:58:52","slug":"ofertas-e-doacoes","status":"publish","type":"page","link":"https:\/\/siteproject.gennios.app\/index.php\/ofertas-e-doacoes\/","title":{"rendered":"Ofertas e Doa\u00e7\u00f5es"},"content":{"rendered":"\t\t<div data-elementor-type=\"wp-page\" data-elementor-id=\"568\" class=\"elementor elementor-568\" data-elementor-post-type=\"page\">\n\t\t\t\t<div class=\"elementor-element elementor-element-6299ac0 e-flex e-con-boxed e-con e-parent\" data-id=\"6299ac0\" data-element_type=\"container\" data-e-type=\"container\">\n\t\t\t\t\t<div class=\"e-con-inner\">\n\t\t\t\t<div class=\"elementor-element elementor-element-1e2a823 elementor-widget-divider--view-line elementor-widget elementor-widget-divider\" data-id=\"1e2a823\" data-element_type=\"widget\" data-e-type=\"widget\" data-widget_type=\"divider.default\">\n\t\t\t\t\t\t\t<div class=\"elementor-divider\">\n\t\t\t<span class=\"elementor-divider-separator\">\n\t\t\t\t\t\t<\/span>\n\t\t<\/div>\n\t\t\t\t\t\t<\/div>\n\t\t\t\t<div class=\"elementor-element elementor-element-b223a42 elementor-widget elementor-widget-heading\" data-id=\"b223a42\" data-element_type=\"widget\" data-e-type=\"widget\" data-widget_type=\"heading.default\">\n\t\t\t\t\t<h2 class=\"elementor-heading-title elementor-size-default\">Ofertas e Doa\u00e7\u00f5es<\/h2>\t\t\t\t<\/div>\n\t\t\t\t<div class=\"elementor-element elementor-element-ddeb696 elementor-widget-divider--view-line elementor-widget elementor-widget-divider\" data-id=\"ddeb696\" data-element_type=\"widget\" data-e-type=\"widget\" data-widget_type=\"divider.default\">\n\t\t\t\t\t\t\t<div class=\"elementor-divider\">\n\t\t\t<span class=\"elementor-divider-separator\">\n\t\t\t\t\t\t<\/span>\n\t\t<\/div>\n\t\t\t\t\t\t<\/div>\n\t\t\t\t\t<\/div>\n\t\t\t\t<\/div>\n\t\t<div class=\"elementor-element elementor-element-e4e0009 e-flex e-con-boxed e-con e-parent\" data-id=\"e4e0009\" data-element_type=\"container\" data-e-type=\"container\">\n\t\t\t\t\t<div class=\"e-con-inner\">\n\t\t<div class=\"elementor-element elementor-element-a31cbec e-con-full e-flex e-con e-child\" data-id=\"a31cbec\" data-element_type=\"container\" data-e-type=\"container\">\n\t\t\t\t<div class=\"elementor-element elementor-element-7f5894d elementor-widget elementor-widget-image\" data-id=\"7f5894d\" data-element_type=\"widget\" data-e-type=\"widget\" data-widget_type=\"image.default\">\n\t\t\t\t\t\t\t\t\t\t\t\t\t\t\t<img decoding=\"async\" src=\"https:\/\/siteproject.gennios.app\/wp-content\/uploads\/elementor\/thumbs\/download-1-ravmy35zh0f9dxpfif8vwsbx7l8uyjdv92z4elovzc.png\" title=\"download-1.png\" alt=\"download-1.png\" loading=\"lazy\" \/>\t\t\t\t\t\t\t\t\t\t\t\t\t\t\t<\/div>\n\t\t\t\t<\/div>\n\t\t<div class=\"elementor-element elementor-element-655aef4 e-con-full e-flex e-con e-child\" data-id=\"655aef4\" data-element_type=\"container\" data-e-type=\"container\">\n\t\t\t\t<div class=\"elementor-element elementor-element-b6c759f elementor-widget elementor-widget-heading\" data-id=\"b6c759f\" data-element_type=\"widget\" data-e-type=\"widget\" data-widget_type=\"heading.default\">\n\t\t\t\t\t<h2 class=\"elementor-heading-title elementor-size-default\">Igreja Apost\u00f3lica\n<br>\nPIX - Pagamento Instant\u00e2neo \n<br>\nCNPJ: 62.771.134\/0001-63<\/h2>\t\t\t\t<\/div>\n\t\t\t\t<\/div>\n\t\t<div class=\"elementor-element elementor-element-7e18171 e-con-full e-flex e-con e-child\" data-id=\"7e18171\" data-element_type=\"container\" data-e-type=\"container\">\n\t\t\t\t<div class=\"elementor-element elementor-element-75c9a9e elementor-widget elementor-widget-image\" data-id=\"75c9a9e\" data-element_type=\"widget\" data-e-type=\"widget\" data-widget_type=\"image.default\">\n\t\t\t\t\t\t\t\t\t\t\t\t\t\t\t<img decoding=\"async\" src=\"https:\/\/siteproject.gennios.app\/wp-content\/uploads\/elementor\/thumbs\/pix-ia-ravni5zxae3et2s2vyzquc6xkwlkdex165j9ohmz44.jpeg\" title=\"pix ia\" alt=\"pix ia\" loading=\"lazy\" \/>\t\t\t\t\t\t\t\t\t\t\t\t\t\t\t<\/div>\n\t\t\t\t<\/div>\n\t\t\t\t\t<\/div>\n\t\t\t\t<\/div>\n\t\t<div class=\"elementor-element elementor-element-c22e333 e-flex e-con-boxed e-con e-parent\" data-id=\"c22e333\" data-element_type=\"container\" data-e-type=\"container\">\n\t\t\t\t\t<div class=\"e-con-inner\">\n\t\t\t\t<div class=\"elementor-element elementor-element-c346d55 elementor-widget-divider--view-line elementor-widget elementor-widget-divider\" data-id=\"c346d55\" data-element_type=\"widget\" data-e-type=\"widget\" data-widget_type=\"divider.default\">\n\t\t\t\t\t\t\t<div class=\"elementor-divider\">\n\t\t\t<span class=\"elementor-divider-separator\">\n\t\t\t\t\t\t<\/span>\n\t\t<\/div>\n\t\t\t\t\t\t<\/div>\n\t\t\t\t\t<\/div>\n\t\t\t\t<\/div>\n\t\t<div class=\"elementor-element elementor-element-c8e8a81 e-flex e-con-boxed e-con e-parent\" data-id=\"c8e8a81\" data-element_type=\"container\" data-e-type=\"container\">\n\t\t\t\t\t<div class=\"e-con-inner\">\n\t\t<div class=\"elementor-element elementor-element-84cdb49 e-con-full e-flex e-con e-child\" data-id=\"84cdb49\" data-element_type=\"container\" data-e-type=\"container\">\n\t\t\t\t<div class=\"elementor-element elementor-element-9931132 elementor-widget elementor-widget-image\" data-id=\"9931132\" data-element_type=\"widget\" data-e-type=\"widget\" data-widget_type=\"image.default\">\n\t\t\t\t\t\t\t\t\t\t\t\t\t\t\t<img decoding=\"async\" src=\"https:\/\/siteproject.gennios.app\/wp-content\/uploads\/elementor\/thumbs\/download-1-ravmy35zh0f9dxpfif8vwsbx7l8uyjdv92z4elovzc.png\" title=\"download-1.png\" alt=\"download-1.png\" loading=\"lazy\" \/>\t\t\t\t\t\t\t\t\t\t\t\t\t\t\t<\/div>\n\t\t\t\t<\/div>\n\t\t<div class=\"elementor-element elementor-element-4b2e6e8 e-con-full e-flex e-con e-child\" data-id=\"4b2e6e8\" data-element_type=\"container\" data-e-type=\"container\">\n\t\t\t\t<div class=\"elementor-element elementor-element-7da0bc6 elementor-widget elementor-widget-heading\" data-id=\"7da0bc6\" data-element_type=\"widget\" data-e-type=\"widget\" data-widget_type=\"heading.default\">\n\t\t\t\t\t<h1 class=\"elementor-heading-title elementor-size-default\">Instituto Apost\u00f3lico\n<br>\nPIX - Pagamento Instant\u00e2neo\n<br>\nCNPJ: 31.439.445\/0001-04<\/h1>\t\t\t\t<\/div>\n\t\t\t\t<\/div>\n\t\t\t\t\t<\/div>\n\t\t\t\t<\/div>\n\t\t<div class=\"elementor-element elementor-element-6663913 e-flex e-con-boxed e-con e-parent\" data-id=\"6663913\" data-element_type=\"container\" data-e-type=\"container\">\n\t\t\t\t\t<div class=\"e-con-inner\">\n\t\t\t\t<div class=\"elementor-element elementor-element-a32d1b8 elementor-widget-divider--view-line elementor-widget elementor-widget-divider\" data-id=\"a32d1b8\" data-element_type=\"widget\" data-e-type=\"widget\" data-widget_type=\"divider.default\">\n\t\t\t\t\t\t\t<div class=\"elementor-divider\">\n\t\t\t<span class=\"elementor-divider-separator\">\n\t\t\t\t\t\t<\/span>\n\t\t<\/div>\n\t\t\t\t\t\t<\/div>\n\t\t\t\t\t<\/div>\n\t\t\t\t<\/div>\n\t\t<div class=\"elementor-element elementor-element-19abf88 e-flex e-con-boxed e-con e-parent\" data-id=\"19abf88\" data-element_type=\"container\" data-e-type=\"container\">\n\t\t\t\t\t<div class=\"e-con-inner\">\n\t\t<div class=\"elementor-element elementor-element-a9b3240 e-con-full e-flex e-con e-child\" data-id=\"a9b3240\" data-element_type=\"container\" data-e-type=\"container\">\n\t\t\t\t<div class=\"elementor-element elementor-element-7314c78 elementor-widget elementor-widget-image\" data-id=\"7314c78\" data-element_type=\"widget\" data-e-type=\"widget\" data-widget_type=\"image.default\">\n\t\t\t\t\t\t\t\t\t\t\t\t\t\t\t<img decoding=\"async\" src=\"https:\/\/siteproject.gennios.app\/wp-content\/uploads\/elementor\/thumbs\/Captura-de-tela-2023-12-11-131700-ravmy35zh0f9dxpfif8vwsbx7l8uyjdv92z4elovzc.png\" title=\"Captura-de-tela-2023-12-11-131700.png\" alt=\"Captura-de-tela-2023-12-11-131700.png\" loading=\"lazy\" \/>\t\t\t\t\t\t\t\t\t\t\t\t\t\t\t<\/div>\n\t\t\t\t<\/div>\n\t\t<div class=\"elementor-element elementor-element-87605eb e-con-full e-flex e-con e-child\" data-id=\"87605eb\" data-element_type=\"container\" data-e-type=\"container\">\n\t\t\t\t<div class=\"elementor-element elementor-element-e71db22 elementor-widget elementor-widget-heading\" data-id=\"e71db22\" data-element_type=\"widget\" data-e-type=\"widget\" data-widget_type=\"heading.default\">\n\t\t\t\t\t<h1 class=\"elementor-heading-title elementor-size-default\">Igreja Apost\u00f3lica\n<br>\nBanco Sicredi\n<br>\nAg\u00eancia: 0726 - Conta Corrente: 50841-2<\/h1>\t\t\t\t<\/div>\n\t\t\t\t<\/div>\n\t\t\t\t\t<\/div>\n\t\t\t\t<\/div>\n\t\t<div class=\"elementor-element elementor-element-dbccd0e e-flex e-con-boxed e-con e-parent\" data-id=\"dbccd0e\" data-element_type=\"container\" data-e-type=\"container\">\n\t\t\t\t\t<div class=\"e-con-inner\">\n\t\t\t\t<div class=\"elementor-element elementor-element-a2b3dad elementor-widget-divider--view-line elementor-widget elementor-widget-divider\" data-id=\"a2b3dad\" data-element_type=\"widget\" data-e-type=\"widget\" data-widget_type=\"divider.default\">\n\t\t\t\t\t\t\t<div class=\"elementor-divider\">\n\t\t\t<span class=\"elementor-divider-separator\">\n\t\t\t\t\t\t<\/span>\n\t\t<\/div>\n\t\t\t\t\t\t<\/div>\n\t\t\t\t\t<\/div>\n\t\t\t\t<\/div>\n\t\t<div class=\"elementor-element elementor-element-c175d48 e-flex e-con-boxed e-con e-parent\" data-id=\"c175d48\" data-element_type=\"container\" data-e-type=\"container\">\n\t\t\t\t\t<div class=\"e-con-inner\">\n\t\t<div class=\"elementor-element elementor-element-3670e5b e-con-full e-flex e-con e-child\" data-id=\"3670e5b\" data-element_type=\"container\" data-e-type=\"container\">\n\t\t\t\t<div class=\"elementor-element elementor-element-133689c elementor-widget elementor-widget-image\" data-id=\"133689c\" data-element_type=\"widget\" data-e-type=\"widget\" data-widget_type=\"image.default\">\n\t\t\t\t\t\t\t\t\t\t\t\t\t\t\t<img decoding=\"async\" src=\"https:\/\/siteproject.gennios.app\/wp-content\/uploads\/elementor\/thumbs\/itau-ravmy43tnugjpjo2cxniha3dsz4868hll7mlvvnht4.png\" title=\"itau.png\" alt=\"itau.png\" loading=\"lazy\" \/>\t\t\t\t\t\t\t\t\t\t\t\t\t\t\t<\/div>\n\t\t\t\t<\/div>\n\t\t<div class=\"elementor-element elementor-element-62f5148 e-con-full e-flex e-con e-child\" data-id=\"62f5148\" data-element_type=\"container\" data-e-type=\"container\">\n\t\t\t\t<div class=\"elementor-element elementor-element-bfdf819 elementor-widget elementor-widget-heading\" data-id=\"bfdf819\" data-element_type=\"widget\" data-e-type=\"widget\" data-widget_type=\"heading.default\">\n\t\t\t\t\t<h1 class=\"elementor-heading-title elementor-size-default\">Igreja Apost\u00f3lica\n<br>\nBanco Ita\u00fa\n<br>\nAg\u00eancia: 0525 - Conta Corrente: 90294-6<\/h1>\t\t\t\t<\/div>\n\t\t\t\t<\/div>\n\t\t\t\t\t<\/div>\n\t\t\t\t<\/div>\n\t\t<div class=\"elementor-element elementor-element-6d81ab5 e-flex e-con-boxed e-con e-parent\" data-id=\"6d81ab5\" data-element_type=\"container\" data-e-type=\"container\">\n\t\t\t\t\t<div class=\"e-con-inner\">\n\t\t\t\t<div class=\"elementor-element elementor-element-1ace17d elementor-widget-divider--view-line elementor-widget elementor-widget-divider\" data-id=\"1ace17d\" data-element_type=\"widget\" data-e-type=\"widget\" data-widget_type=\"divider.default\">\n\t\t\t\t\t\t\t<div class=\"elementor-divider\">\n\t\t\t<span class=\"elementor-divider-separator\">\n\t\t\t\t\t\t<\/span>\n\t\t<\/div>\n\t\t\t\t\t\t<\/div>\n\t\t\t\t\t<\/div>\n\t\t\t\t<\/div>\n\t\t<div class=\"elementor-element elementor-element-c25bbec e-flex e-con-boxed e-con e-parent\" data-id=\"c25bbec\" data-element_type=\"container\" data-e-type=\"container\">\n\t\t\t\t\t<div class=\"e-con-inner\">\n\t\t<div class=\"elementor-element elementor-element-4fa5617 e-con-full e-flex e-con e-child\" data-id=\"4fa5617\" data-element_type=\"container\" data-e-type=\"container\">\n\t\t\t\t<div class=\"elementor-element elementor-element-ecd172c elementor-widget elementor-widget-image\" data-id=\"ecd172c\" data-element_type=\"widget\" data-e-type=\"widget\" data-widget_type=\"image.default\">\n\t\t\t\t\t\t\t\t\t\t\t\t\t\t\t<img decoding=\"async\" src=\"https:\/\/siteproject.gennios.app\/wp-content\/uploads\/elementor\/thumbs\/Caixa-ravmy51nuohu15mp7g251ruueczldxlbxca3d5m3mw.png\" title=\"Caixa.png\" alt=\"Caixa.png\" loading=\"lazy\" \/>\t\t\t\t\t\t\t\t\t\t\t\t\t\t\t<\/div>\n\t\t\t\t<\/div>\n\t\t<div class=\"elementor-element elementor-element-7abcfdb e-con-full e-flex e-con e-child\" data-id=\"7abcfdb\" data-element_type=\"container\" data-e-type=\"container\">\n\t\t\t\t<div class=\"elementor-element elementor-element-5fd6d99 elementor-widget elementor-widget-heading\" data-id=\"5fd6d99\" data-element_type=\"widget\" data-e-type=\"widget\" data-widget_type=\"heading.default\">\n\t\t\t\t\t<h1 class=\"elementor-heading-title elementor-size-default\">Igreja Apost\u00f3lica\n<br>\nCaixa Econ\u00f4mica Federal\n<br>\nAg\u00eancia: 00270 - Conta Corrente: 000577595465-0<\/h1>\t\t\t\t<\/div>\n\t\t\t\t<\/div>\n\t\t\t\t\t<\/div>\n\t\t\t\t<\/div>\n\t\t<div class=\"elementor-element elementor-element-bac674f e-flex e-con-boxed e-con e-parent\" data-id=\"bac674f\" data-element_type=\"container\" data-e-type=\"container\">\n\t\t\t\t\t<div class=\"e-con-inner\">\n\t\t\t\t<div class=\"elementor-element elementor-element-1c89402 elementor-widget-divider--view-line elementor-widget elementor-widget-divider\" data-id=\"1c89402\" data-element_type=\"widget\" data-e-type=\"widget\" data-widget_type=\"divider.default\">\n\t\t\t\t\t\t\t<div class=\"elementor-divider\">\n\t\t\t<span class=\"elementor-divider-separator\">\n\t\t\t\t\t\t<\/span>\n\t\t<\/div>\n\t\t\t\t\t\t<\/div>\n\t\t\t\t\t<\/div>\n\t\t\t\t<\/div>\n\t\t<div class=\"elementor-element elementor-element-3a186cf e-flex e-con-boxed e-con e-parent\" data-id=\"3a186cf\" data-element_type=\"container\" data-e-type=\"container\">\n\t\t\t\t\t<div class=\"e-con-inner\">\n\t\t<div class=\"elementor-element elementor-element-40f7bec e-con-full e-flex e-con e-child\" data-id=\"40f7bec\" data-element_type=\"container\" data-e-type=\"container\">\n\t\t\t\t<div class=\"elementor-element elementor-element-34bbda9 elementor-widget elementor-widget-image\" data-id=\"34bbda9\" data-element_type=\"widget\" data-e-type=\"widget\" data-widget_type=\"image.default\">\n\t\t\t\t\t\t\t\t\t\t\t\t\t\t\t<img decoding=\"async\" src=\"https:\/\/siteproject.gennios.app\/wp-content\/uploads\/elementor\/thumbs\/Banco-do-brasil-ravmy51nuohu15mp7g251ruueczldxlbxca3d5m3mw.png\" title=\"Banco-do-brasil.png\" alt=\"Banco-do-brasil.png\" loading=\"lazy\" \/>\t\t\t\t\t\t\t\t\t\t\t\t\t\t\t<\/div>\n\t\t\t\t<\/div>\n\t\t<div class=\"elementor-element elementor-element-8cc063f e-con-full e-flex e-con e-child\" data-id=\"8cc063f\" data-element_type=\"container\" data-e-type=\"container\">\n\t\t\t\t<div class=\"elementor-element elementor-element-76aa7d9 elementor-widget elementor-widget-heading\" data-id=\"76aa7d9\" data-element_type=\"widget\" data-e-type=\"widget\" data-widget_type=\"heading.default\">\n\t\t\t\t\t<h1 class=\"elementor-heading-title elementor-size-default\">Igreja Apost\u00f3lica\n<br>\nBanco do Brasil\n<br>\nAg\u00eancia: 0583-5 - Conta Corrente: 32.676-3<\/h1>\t\t\t\t<\/div>\n\t\t\t\t<\/div>\n\t\t\t\t\t<\/div>\n\t\t\t\t<\/div>\n\t\t<div class=\"elementor-element elementor-element-424a80f e-flex e-con-boxed e-con e-parent\" data-id=\"424a80f\" data-element_type=\"container\" data-e-type=\"container\">\n\t\t\t\t\t<div class=\"e-con-inner\">\n\t\t\t\t<div class=\"elementor-element elementor-element-681e89b elementor-widget-divider--view-line elementor-widget elementor-widget-divider\" data-id=\"681e89b\" data-element_type=\"widget\" data-e-type=\"widget\" data-widget_type=\"divider.default\">\n\t\t\t\t\t\t\t<div class=\"elementor-divider\">\n\t\t\t<span class=\"elementor-divider-separator\">\n\t\t\t\t\t\t<\/span>\n\t\t<\/div>\n\t\t\t\t\t\t<\/div>\n\t\t\t\t\t<\/div>\n\t\t\t\t<\/div>\n\t\t<div class=\"elementor-element elementor-element-19e7582 e-flex e-con-boxed e-con e-parent\" data-id=\"19e7582\" data-element_type=\"container\" data-e-type=\"container\">\n\t\t\t\t\t<div class=\"e-con-inner\">\n\t\t<div class=\"elementor-element elementor-element-5054e88 e-con-full e-flex e-con e-child\" data-id=\"5054e88\" data-element_type=\"container\" data-e-type=\"container\">\n\t\t\t\t<div class=\"elementor-element elementor-element-c7c41f1 elementor-widget elementor-widget-image\" data-id=\"c7c41f1\" data-element_type=\"widget\" data-e-type=\"widget\" data-widget_type=\"image.default\">\n\t\t\t\t\t\t\t\t\t\t\t\t\t\t\t<img decoding=\"async\" src=\"https:\/\/siteproject.gennios.app\/wp-content\/uploads\/elementor\/thumbs\/bRADESCO-ravmy5zi1ij4crlc1ygrm9mazquylmp29gxkufkpgo.png\" title=\"bRADESCO.png\" alt=\"bRADESCO.png\" loading=\"lazy\" \/>\t\t\t\t\t\t\t\t\t\t\t\t\t\t\t<\/div>\n\t\t\t\t<\/div>\n\t\t<div class=\"elementor-element elementor-element-10b82d0 e-con-full e-flex e-con e-child\" data-id=\"10b82d0\" data-element_type=\"container\" data-e-type=\"container\">\n\t\t\t\t<div class=\"elementor-element elementor-element-cd7c2c3 elementor-widget elementor-widget-heading\" data-id=\"cd7c2c3\" data-element_type=\"widget\" data-e-type=\"widget\" data-widget_type=\"heading.default\">\n\t\t\t\t\t<h1 class=\"elementor-heading-title elementor-size-default\">Igreja Apost\u00f3lica\n<br>\nAg\u00eancia: 0097 - Conta Corrente: 1061-8<\/h1>\t\t\t\t<\/div>\n\t\t\t\t<\/div>\n\t\t\t\t\t<\/div>\n\t\t\t\t<\/div>\n\t\t<div class=\"elementor-element elementor-element-905a7bb e-flex e-con-boxed e-con e-parent\" data-id=\"905a7bb\" data-element_type=\"container\" data-e-type=\"container\">\n\t\t\t\t\t<div class=\"e-con-inner\">\n\t\t\t\t<div class=\"elementor-element elementor-element-2c4c5ab elementor-widget-divider--view-line elementor-widget elementor-widget-divider\" data-id=\"2c4c5ab\" data-element_type=\"widget\" data-e-type=\"widget\" data-widget_type=\"divider.default\">\n\t\t\t\t\t\t\t<div class=\"elementor-divider\">\n\t\t\t<span class=\"elementor-divider-separator\">\n\t\t\t\t\t\t<\/span>\n\t\t<\/div>\n\t\t\t\t\t\t<\/div>\n\t\t\t\t\t<\/div>\n\t\t\t\t<\/div>\n\t\t\t\t<\/div>\n\t\t","protected":false},"excerpt":{"rendered":"<p>Ofertas e Doa\u00e7\u00f5es Igreja Apost\u00f3lica PIX &#8211; Pagamento Instant\u00e2neo CNPJ: 62.771.134\/0001-63 Instituto Apost\u00f3lico PIX &#8211; Pagamento Instant\u00e2neo CNPJ: 31.439.445\/0001-04 Igreja [&hellip;]<\/p>\n","protected":false},"author":1,"featured_media":0,"parent":0,"menu_order":0,"comment_status":"closed","ping_status":"closed","template":"elementor_header_footer","meta":{"site-sidebar-layout":"no-sidebar","site-content-layout":"","ast-site-content-layout":"full-width-container","site-content-style":"default","site-sidebar-style":"default","ast-global-header-display":"","ast-banner-title-visibility":"","ast-main-header-display":"","ast-hfb-above-header-display":"","ast-hfb-below-header-display":"","ast-hfb-mobile-header-display":"","site-post-title":"","ast-breadcrumbs-content":"","ast-featured-img":"disabled","footer-sml-layout":"","ast-disable-related-posts":"","theme-transparent-header-meta":"","adv-header-id-meta":"","stick-header-meta":"","header-above-stick-meta":"","header-main-stick-meta":"","header-below-stick-meta":"","astra-migrate-meta-layouts":"default","ast-page-background-enabled":"default","ast-page-background-meta":{"desktop":{"background-color":"var(--ast-global-color-5)","background-image":"","background-repeat":"repeat","background-position":"center center","background-size":"auto","background-attachment":"scroll","background-type":"","background-media":"","overlay-type":"","overlay-color":"","overlay-opacity":"","overlay-gradient":""},"tablet":{"background-color":"","background-image":"","background-repeat":"repeat","background-position":"center center","background-size":"auto","background-attachment":"scroll","background-type":"","background-media":"","overlay-type":"","overlay-color":"","overlay-opacity":"","overlay-gradient":""},"mobile":{"background-color":"","background-image":"","background-repeat":"repeat","background-position":"center center","background-size":"auto","background-attachment":"scroll","background-type":"","background-media":"","overlay-type":"","overlay-color":"","overlay-opacity":"","overlay-gradient":""}},"ast-content-background-meta":{"desktop":{"background-color":"var(--ast-global-color-4)","background-image":"","background-repeat":"repeat","background-position":"center center","background-size":"auto","background-attachment":"scroll","background-type":"","background-media":"","overlay-type":"","overlay-color":"","overlay-opacity":"","overlay-gradient":""},"tablet":{"background-color":"var(--ast-global-color-4)","background-image":"","background-repeat":"repeat","background-position":"center center","background-size":"auto","background-attachment":"scroll","background-type":"","background-media":"","overlay-type":"","overlay-color":"","overlay-opacity":"","overlay-gradient":""},"mobile":{"background-color":"var(--ast-global-color-4)","background-image":"","background-repeat":"repeat","background-position":"center center","background-size":"auto","background-attachment":"scroll","background-type":"","background-media":"","overlay-type":"","overlay-color":"","overlay-opacity":"","overlay-gradient":""}},"footnotes":""},"class_list":["post-568","page","type-page","status-publish","hentry"],"_links":{"self":[{"href":"https:\/\/siteproject.gennios.app\/index.php\/wp-json\/wp\/v2\/pages\/568","targetHints":{"allow":["GET"]}}],"collection":[{"href":"https:\/\/siteproject.gennios.app\/index.php\/wp-json\/wp\/v2\/pages"}],"about":[{"href":"https:\/\/siteproject.gennios.app\/index.php\/wp-json\/wp\/v2\/types\/page"}],"author":[{"embeddable":true,"href":"https:\/\/siteproject.gennios.app\/index.php\/wp-json\/wp\/v2\/users\/1"}],"replies":[{"embeddable":true,"href":"https:\/\/siteproject.gennios.app\/index.php\/wp-json\/wp\/v2\/comments?post=568"}],"version-history":[{"count":43,"href":"https:\/\/siteproject.gennios.app\/index.php\/wp-json\/wp\/v2\/pages\/568\/revisions"}],"predecessor-version":[{"id":967,"href":"https:\/\/siteproject.gennios.app\/index.php\/wp-json\/wp\/v2\/pages\/568\/revisions\/967"}],"wp:attachment":[{"href":"https:\/\/siteproject.gennios.app\/index.php\/wp-json\/wp\/v2\/media?parent=568"}],"curies":[{"name":"wp","href":"https:\/\/api.w.org\/{rel}","templated":true}]}}